{"id":246,"date":"2016-12-01T11:31:03","date_gmt":"2016-12-01T11:31:03","guid":{"rendered":"http:\/\/www.visit.md\/?page_id=246"},"modified":"2020-03-18T10:05:29","modified_gmt":"2020-03-18T10:05:29","slug":"support_us","status":"publish","type":"page","link":"https:\/\/www.visit.md\/ro\/support_us\/","title":{"rendered":"Sus\u021bine\u021bi-ne"},"content":{"rendered":"<p>Visit.MD este un proiect non-profit, lansat numai prin ini\u021biativa \u0219i investi\u021biile private (ini\u021biativa este pedepsit\u0103). Dar proiectul nu se poate dezvolta f\u0103r\u0103 nici un fel de suport. Avem de g\u00e2nd s\u0103 continu\u0103m s\u0103 cre\u0103m tururi de locuri interesante din Moldova, care vor ar\u0103ta toat\u0103 bog\u0103\u021bia \u021b\u0103rii noastre. De asemenea, avem \u00een plan s\u0103 organiz\u0103m cursuri pentru copii.<\/p>\n<p>Pentru cei cui i-a pl\u0103cut proiectul nostru \u0219i cei care doresc s\u0103 ne sus\u021bin\u0103, am lansat o campanie de str\u00e2ngere de fonduri la <a href=\"https:\/\/www.generosity.com\/community-fundraising\/discover-moldova-through-vr-experience--2\" target=\"_blank\">generosity.com<\/a>, unde fiecare poate transfera orice sum\u0103 pentru proiect \u00een doar c\u00e2teva click-uri. Suportul dumneavoastr\u0103 este foarte important pentru noi!<\/p>\n<p>Totodata puteti faceti donatie prin Yandex.Denigi<\/p>\n<p><iframe loading=\"lazy\" src=\"https:\/\/money.yandex.ru\/embed\/donate.xml?account=410014992365224&#038;quickpay=donate&#038;payment-type-choice=on&#038;mobile-payment-type-choice=on&#038;default-sum=100&#038;targets=%D0%9D%D0%B0+%D1%80%D0%B0%D0%B7%D0%B2%D0%B8%D1%82%D0%B8%D0%B5+%22Visit+Moldova%22&#038;target-visibility=on&#038;project-name=Visit+Moldova&#038;project-site=http%3A%2F%2Fwww.visit.md&#038;button-text=05&#038;successURL=\" width=\"508\" height=\"117\" frameborder=\"0\" scrolling=\"no\"><\/iframe><\/p>\n","protected":false},"excerpt":{"rendered":"<p>Visit.MD este un proiect non-profit, lansat numai prin ini\u021biativa \u0219i investi\u021biile private (ini\u021biativa este pedepsit\u0103). Dar proiectul nu se poate dezvolta f\u0103r\u0103 nici un fel de suport. Avem de g\u00e2nd s\u0103 continu\u0103m s\u0103 cre\u0103m tururi de locuri interesante din Moldova, care vor ar\u0103ta toat\u0103 bog\u0103\u021bia \u021b\u0103rii noastre. De asemenea, avem \u00een plan s\u0103 organiz\u0103m cursuri [&hellip;]<\/p>\n","protected":false},"author":1,"featured_media":0,"parent":0,"menu_order":0,"comment_status":"closed","ping_status":"closed","template":"","meta":{"yoast_comp_og_description_ru":"","yoast_comp_og_description_ro":"","yoast_comp_og_description_en":"","yoast_comp_og_image_ru":"","yoast_comp_og_image_ro":"","yoast_comp_og_image_en":""},"translation":{"provider":"WPGlobus","version":"2.8.11","language":"ro","enabled_languages":["ru","ro","en"],"languages":{"ru":{"title":true,"content":true,"excerpt":false},"ro":{"title":true,"content":true,"excerpt":false},"en":{"title":true,"content":false,"excerpt":false}}},"yoast_head":"<!-- This site is optimized with the Yoast SEO plugin v18.8 - https:\/\/yoast.com\/wordpress\/plugins\/seo\/ -->\n<title>Sus\u021bine\u021bi-ne - Visit.MD<\/title>\n<meta name=\"robots\" content=\"index, follow, max-snippet:-1, max-image-preview:large, max-video-preview:-1\" \/>\n<link rel=\"canonical\" href=\"https:\/\/www.visit.md\/support_us\/\" \/>\n<meta property=\"og:locale\" content=\"ro_RO\" \/>\n<meta property=\"og:type\" content=\"article\" \/>\n<meta property=\"og:title\" content=\"Sus\u021bine\u021bi-ne - Visit.MD\" \/>\n<meta property=\"og:url\" content=\"https:\/\/www.visit.md\/support_us\/\" \/>\n<meta property=\"og:site_name\" content=\"Visit.MD\" \/>\n<meta property=\"article:modified_time\" content=\"2020-03-18T10:05:29+00:00\" \/>\n<meta name=\"twitter:card\" content=\"summary_large_image\" \/>\n<meta name=\"twitter:label1\" content=\"Est. reading time\" \/>\n\t<meta name=\"twitter:data1\" content=\"1 minute\" \/>\n<script type=\"application\/ld+json\" class=\"yoast-schema-graph\">{\"@context\":\"https:\/\/schema.org\",\"@graph\":[{\"@type\":\"WebSite\",\"@id\":\"https:\/\/www.visit.md\/#website\",\"url\":\"https:\/\/www.visit.md\/\",\"name\":\"Visit.MD\",\"description\":\"Tururi virtuale din Moldova\",\"potentialAction\":[{\"@type\":\"SearchAction\",\"target\":{\"@type\":\"EntryPoint\",\"urlTemplate\":\"https:\/\/www.visit.md\/?s={search_term_string}\"},\"query-input\":\"required name=search_term_string\"}],\"inLanguage\":\"ro-RO\"},{\"@type\":\"WebPage\",\"@id\":\"https:\/\/www.visit.md\/support_us\/#webpage\",\"url\":\"https:\/\/www.visit.md\/support_us\/\",\"name\":\"Sus\u021bine\u021bi-ne - Visit.MD\",\"isPartOf\":{\"@id\":\"https:\/\/www.visit.md\/#website\"},\"datePublished\":\"2016-12-01T11:31:03+00:00\",\"dateModified\":\"2020-03-18T10:05:29+00:00\",\"breadcrumb\":{\"@id\":\"https:\/\/www.visit.md\/support_us\/#breadcrumb\"},\"inLanguage\":\"ro-RO\",\"potentialAction\":[{\"@type\":\"ReadAction\",\"target\":[\"https:\/\/www.visit.md\/support_us\/\"]}]},{\"@type\":\"BreadcrumbList\",\"@id\":\"https:\/\/www.visit.md\/support_us\/#breadcrumb\",\"itemListElement\":[{\"@type\":\"ListItem\",\"position\":1,\"name\":\"Home\",\"item\":\"https:\/\/www.visit.md\/\"},{\"@type\":\"ListItem\",\"position\":2,\"name\":\"Support us\"}]}]}<\/script>\n<!-- \/ Yoast SEO plugin. -->","yoast_head_json":{"title":"Sus\u021bine\u021bi-ne - Visit.MD","robots":{"index":"index","follow":"follow","max-snippet":"max-snippet:-1","max-image-preview":"max-image-preview:large","max-video-preview":"max-video-preview:-1"},"canonical":"https:\/\/www.visit.md\/support_us\/","og_locale":"ro_RO","og_type":"article","og_title":"Sus\u021bine\u021bi-ne - Visit.MD","og_url":"https:\/\/www.visit.md\/support_us\/","og_site_name":"Visit.MD","article_modified_time":"2020-03-18T10:05:29+00:00","twitter_card":"summary_large_image","twitter_misc":{"Est. reading time":"1 minute"},"schema":{"@context":"https:\/\/schema.org","@graph":[{"@type":"WebSite","@id":"https:\/\/www.visit.md\/#website","url":"https:\/\/www.visit.md\/","name":"Visit.MD","description":"Tururi virtuale din Moldova","potentialAction":[{"@type":"SearchAction","target":{"@type":"EntryPoint","urlTemplate":"https:\/\/www.visit.md\/?s={search_term_string}"},"query-input":"required name=search_term_string"}],"inLanguage":"ro-RO"},{"@type":"WebPage","@id":"https:\/\/www.visit.md\/support_us\/#webpage","url":"https:\/\/www.visit.md\/support_us\/","name":"Sus\u021bine\u021bi-ne - Visit.MD","isPartOf":{"@id":"https:\/\/www.visit.md\/#website"},"datePublished":"2016-12-01T11:31:03+00:00","dateModified":"2020-03-18T10:05:29+00:00","breadcrumb":{"@id":"https:\/\/www.visit.md\/support_us\/#breadcrumb"},"inLanguage":"ro-RO","potentialAction":[{"@type":"ReadAction","target":["https:\/\/www.visit.md\/support_us\/"]}]},{"@type":"BreadcrumbList","@id":"https:\/\/www.visit.md\/support_us\/#breadcrumb","itemListElement":[{"@type":"ListItem","position":1,"name":"Home","item":"https:\/\/www.visit.md\/"},{"@type":"ListItem","position":2,"name":"Support us"}]}]}},"_links":{"self":[{"href":"https:\/\/www.visit.md\/ro\/wp-json\/wp\/v2\/pages\/246"}],"collection":[{"href":"https:\/\/www.visit.md\/ro\/wp-json\/wp\/v2\/pages"}],"about":[{"href":"https:\/\/www.visit.md\/ro\/wp-json\/wp\/v2\/types\/page"}],"author":[{"embeddable":true,"href":"https:\/\/www.visit.md\/ro\/wp-json\/wp\/v2\/users\/1"}],"replies":[{"embeddable":true,"href":"https:\/\/www.visit.md\/ro\/wp-json\/wp\/v2\/comments?post=246"}],"version-history":[{"count":18,"href":"https:\/\/www.visit.md\/ro\/wp-json\/wp\/v2\/pages\/246\/revisions"}],"predecessor-version":[{"id":753,"href":"https:\/\/www.visit.md\/ro\/wp-json\/wp\/v2\/pages\/246\/revisions\/753"}],"wp:attachment":[{"href":"https:\/\/www.visit.md\/ro\/wp-json\/wp\/v2\/media?parent=246"}],"curies":[{"name":"wp","href":"https:\/\/api.w.org\/{rel}","templated":true}]}}